{"id":104,"date":"2020-12-08T15:46:43","date_gmt":"2020-12-08T14:46:43","guid":{"rendered":"http:\/\/phd.sciencespo-lille.eu\/?page_id=104"},"modified":"2022-02-25T21:14:14","modified_gmt":"2022-02-25T20:14:14","slug":"temoignages-des-etudiants-et-etudiantes-de-phd","status":"publish","type":"page","link":"https:\/\/phd.sciencespo-lille.eu\/index.php\/temoignages-des-etudiants-et-etudiantes-de-phd\/","title":{"rendered":"T\u00e9moignages des \u00e9tudiantes et \u00e9tudiants de PHD"},"content":{"rendered":"\n<div class=\"wp-block-image\"><figure class=\"aligncenter size-large is-resized\"><img loading=\"lazy\" decoding=\"async\" src=\"http:\/\/phd.sciencespo-lille.eu\/wp-content\/uploads\/2020\/12\/Sans-titre-22.png\" alt=\"\" class=\"wp-image-107\" width=\"150\" height=\"150\" srcset=\"https:\/\/phd.sciencespo-lille.eu\/wp-content\/uploads\/2020\/12\/Sans-titre-22.png 500w, https:\/\/phd.sciencespo-lille.eu\/wp-content\/uploads\/2020\/12\/Sans-titre-22-300x300.png 300w, https:\/\/phd.sciencespo-lille.eu\/wp-content\/uploads\/2020\/12\/Sans-titre-22-150x150.png 150w\" sizes=\"auto, (max-width: 150px) 100vw, 150px\" \/><\/figure><\/div>\n\n\n\n<figure class=\"wp-block-embed is-type-rich is-provider-prise-en-charge-des-contenus-embarques wp-block-embed-prise-en-charge-des-contenus-embarques wp-embed-aspect-16-9 wp-has-aspect-ratio\"><div class=\"wp-block-embed__wrapper\">\n<p class=\"responsive-video-wrap clr\"><iframe loading=\"lazy\" title=\"Majeure Paix, Action Humanitaire et D\u00e9veloppement\" width=\"1200\" height=\"675\" src=\"https:\/\/www.youtube.com\/embed\/wtF6XxnKaiU?feature=oembed\" frameborder=\"0\" allow=\"accelerometer; autoplay; clipboard-write; encrypted-media; gyroscope; picture-in-picture\" allowfullscreen><\/iframe><\/p>\n<\/div><\/figure>\n\n\n\n<div style=\"height:30px\" aria-hidden=\"true\" class=\"wp-block-spacer\"><\/div>\n\n\n\n<hr class=\"wp-block-separator has-text-color has-background is-style-wide\" style=\"background-color:#e6e6e6;color:#e6e6e6\"\/>\n\n\n\n<p style=\"font-size:18px\"><strong>William Euradic<\/strong>, \u00e9tudiant en fili\u00e8re g\u00e9n\u00e9rale, promotion 2021 (Nina Simone)<\/p>\n\n\n\n<p><strong>Pourquoi avez-vous choisi cette majeure ?<\/strong><\/p>\n\n\n\n<blockquote class=\"wp-block-quote is-layout-flow wp-block-quote-is-layout-flow\"><p>\u00ab\u00a0J\u2019ai int\u00e9gr\u00e9 Sciences Po Lille directement en 4e ann\u00e9e. La majeure CED [ancienne majeure PHD] est donc un choix bien r\u00e9fl\u00e9chi qui s\u2019inscrit dans la continuit\u00e9 de mes \u00e9tudes ant\u00e9rieures (\u00c9tude de droit et d\u2019humanitaire) et mes actions de terrain en France ainsi qu\u2019\u00e0 l\u2019international.\u00a0\u00bb<\/p><\/blockquote>\n\n\n\n<p><strong>Qu\u2019est-ce qui vous pla\u00eet le plus ?<\/strong><\/p>\n\n\n\n<blockquote class=\"wp-block-quote is-layout-flow wp-block-quote-is-layout-flow\"><p>\u00ab\u00a0Ce qui me pla\u00eet le plus est l\u2019accompagnement particulier qu\u2019on peut avoir aussi bien dans l&rsquo;acquisition d\u2019apports acad\u00e9miques tout en nous pr\u00e9parant petit \u00e0 petit \u00e0 entrer dans la vie active via les dipl\u00f4m\u00e9s des ann\u00e9es ant\u00e9rieures et les intervenants ext\u00e9rieurs.\u00a0\u00bb<\/p><\/blockquote>\n\n\n\n<p><strong>Qu\u2019est-ce que cette formation vous a apport\u00e9 ?<\/strong><\/p>\n\n\n\n<blockquote class=\"wp-block-quote is-layout-flow wp-block-quote-is-layout-flow\"><p>\u00ab\u00a0Cette formation m\u2019a apport\u00e9 une multidisciplinarit\u00e9 et un d\u00e9but de r\u00e9seau professionnel, ce qui je l\u2019esp\u00e8re me sera tr\u00e8s utile dans les ann\u00e9es \u00e0 venir.\u00a0\u00bb<\/p><\/blockquote>\n\n\n\n<hr class=\"wp-block-separator has-text-color has-background is-style-wide\" style=\"background-color:#e6e6e6;color:#e6e6e6\"\/>\n\n\n\n<div style=\"height:30px\" aria-hidden=\"true\" class=\"wp-block-spacer\"><\/div>\n\n\n\n<p style=\"font-size:18px\"><strong>Lucie Laurens<\/strong> (4A CED)<\/p>\n\n\n\n<p><strong>Pourquoi avez-vous choisi cette majeure ?<\/strong><\/p>\n\n\n\n<blockquote class=\"wp-block-quote is-layout-flow wp-block-quote-is-layout-flow\"><p>\u00ab\u00a0J\u2019ai toujours pench\u00e9 vers les relations internationales, et apr\u00e8s un stage dans le domaine du maintien de la paix, j\u2019ai souhait\u00e9 int\u00e9grer la majeure conflits et d\u00e9veloppement. Les cours qui sont offerts permettent de toucher \u00e0 la r\u00e9solution et transition du conflit, ce qui m\u2019int\u00e9resse particuli\u00e8rement mais aussi aux questions d\u2019humanitaire et d\u2019aide au d\u00e9veloppement, ce qui me permet de garder mes options professionnelles ouvertes.\u00a0\u00bb<\/p><\/blockquote>\n\n\n\n<p><strong>Qu\u2019est-ce qui vous pla\u00eet le plus ?<\/strong><\/p>\n\n\n\n<blockquote class=\"wp-block-quote is-layout-flow wp-block-quote-is-layout-flow\"><p>\u00ab\u00a0Ce qui me pla\u00eet le plus en CED c\u2019est la possibilit\u00e9 de choisir des aires g\u00e9ographiques et th\u00e8mes de sp\u00e9cialisation au fur et \u00e0 mesure du parcours, pour petit \u00e0 petit pr\u00e9ciser ses int\u00e9r\u00eats. Gr\u00e2ce \u00e0 \u00e7a, nous avons chacun la possibilit\u00e9 de personnaliser notre master \u00e0 l\u2019image de ce qui nous pla\u00eet et ce que l\u2019on attend de notre future vie professionnelle. Ce que j\u2019aime \u00e9galement c\u2019est d\u2019\u00eatre entour\u00e9e d\u2019une classe de personnes ayant les m\u00eames objectifs et int\u00e9r\u00eats.\u00a0\u00bb<\/p><\/blockquote>\n\n\n\n<p><strong>Qu\u2019est-ce que cette formation vous a apport\u00e9\/vous apporte ?<\/strong><\/p>\n\n\n\n<blockquote class=\"wp-block-quote is-layout-flow wp-block-quote-is-layout-flow\"><p>\u00ab\u00a0Cette formation m\u2019a apport\u00e9 de bonnes connaissances th\u00e9oriques sur tous les champs de la paix, l\u2019humanitaire et le d\u00e9veloppement, \u00e0 partir de diff\u00e9rentes \u00e9tudes de cas, et l\u2019occasion de les d\u00e9fendre et expliquer \u00e0 l\u2019oral \u00e0 plusieurs reprises. Tout en me pr\u00e9parant petit \u00e0 petit \u00e0 la r\u00e9alit\u00e9 du terrain, notamment gr\u00e2ce au parrains, marraines et alumni.\u00a0\u00bb<\/p><\/blockquote>\n\n\n\n<hr class=\"wp-block-separator has-text-color has-background is-style-wide\" style=\"background-color:#e6e6e6;color:#e6e6e6\"\/>\n\n\n\n<div style=\"height:30px\" aria-hidden=\"true\" class=\"wp-block-spacer\"><\/div>\n\n\n\n<p style=\"font-size:18px\"><strong>Jade Palma<\/strong> (4A CED)<\/p>\n\n\n\n<p><strong>Pourquoi avez-vous choisi cette majeure ?<\/strong><\/p>\n\n\n\n<blockquote class=\"wp-block-quote is-layout-flow wp-block-quote-is-layout-flow\"><p>\u00ab\u00a0Je suis tr\u00e8s int\u00e9ress\u00e9e par les questions de d\u00e9veloppement \u00e9ducatif et particuli\u00e8rement \u00e0 l\u2019international, de coop\u00e9ration entre les pays en \u00e9ducation notamment, il y a donc un double versant d\u00e9veloppement\/diplomatie qu\u2019offrait la majeure que je trouvais tr\u00e8s compl\u00e9mentaire. Le fait donc de pouvoir ensuite m\u2019orienter plut\u00f4t en Ambassades, vers l\u2019AFD, en ONG, ou en Organisation Internationale (ONU, UNESCO, PNUD\u2026) ne nous enferme pas et nous permet d\u2019avoir des visions transversales dans nos domaines.\u00a0\u00bb<\/p><\/blockquote>\n\n\n\n<p><strong>Qu\u2019est-ce qui vous pla<strong>\u00ee<\/strong>t le plus ?<\/strong><\/p>\n\n\n\n<blockquote class=\"wp-block-quote is-layout-flow wp-block-quote-is-layout-flow\"><p>\u00ab\u00a0Pouvoir me professionnaliser peu \u00e0 peu et surtout ce semestre o\u00f9 l\u2019on rentre dans plus de pr\u00e9cisions (Droit des conflits arm\u00e9s, politiques du d\u00e9veloppement notamment). Avoir le choix d\u2019\u00e9tudier certaines r\u00e9gions (Am\u00e9rique Latine \/ Moyen-Orient \/ Afrique \/ Caucase) de mani\u00e8re approfondie notamment est une grande chance et nous permet de nous d\u00e9centrer un peu de nos regards occidentaux lorsqu\u2019on envisage la gestion de conflit et les politiques de d\u00e9veloppement. Garder le format Sciences Po \u00c9conomie\/ Histoire\/ Sciences Politiques\/ Droit mais sous un angle relations internationales me parait d\u2019ailleurs presque plus l\u00e9gitime et utile qu\u2019au premier cycle.\u00a0\u00bb<\/p><\/blockquote>\n\n\n\n<p><strong>Qu\u2019est-ce que cette formation vous a apport\u00e9\/vous apporte ?<\/strong><\/p>\n\n\n\n<blockquote class=\"wp-block-quote is-layout-flow wp-block-quote-is-layout-flow\"><p>\u00ab\u00a0Les cours de Politiques du D\u00e9veloppement sont vraiment complets et apportent un regard critique sur ces politiques qui nous sera fort utile dans la vie professionnelle, on y apprend d\u2019ailleurs les principaux sigles, vocabulaires, acteurs, moyens d\u2019actions, les principales influences qu\u2019on retrouvera au quotidien plus tard. C\u2019est assez plaisant d\u2019avoir conscience qu\u2019on apprend des concepts qu\u2019on utilisera dans nos vies professionnelles et pas seulement des grandes id\u00e9es comme au premier cycle.\u00a0\u00bb<\/p><\/blockquote>\n","protected":false},"excerpt":{"rendered":"<p>William Euradic, \u00e9tudiant en fili\u00e8re g\u00e9n\u00e9rale, promotion 2021 (Nina Simone) Pourquoi avez-vous choisi cette majeure ? \u00ab\u00a0J\u2019ai int\u00e9gr\u00e9 Sciences Po Lille directement en 4e ann\u00e9e. La majeure CED [ancienne majeure PHD] est donc un choix bien r\u00e9fl\u00e9chi qui s\u2019inscrit dans la continuit\u00e9 de mes \u00e9tudes ant\u00e9rieures (\u00c9tude de droit et d\u2019humanitaire) et mes actions de [&hellip;]<\/p>\n","protected":false},"author":1,"featured_media":0,"parent":0,"menu_order":0,"comment_status":"closed","ping_status":"closed","template":"","meta":{"_seopress_robots_primary_cat":"","_seopress_titles_title":"","_seopress_titles_desc":"","_seopress_robots_index":"","ocean_post_layout":"","ocean_both_sidebars_style":"","ocean_both_sidebars_content_width":0,"ocean_both_sidebars_sidebars_width":0,"ocean_sidebar":"0","ocean_second_sidebar":"0","ocean_disable_margins":"enable","ocean_add_body_class":"","ocean_shortcode_before_top_bar":"","ocean_shortcode_after_top_bar":"","ocean_shortcode_before_header":"","ocean_shortcode_after_header":"","ocean_has_shortcode":"","ocean_shortcode_after_title":"","ocean_shortcode_before_footer_widgets":"","ocean_shortcode_after_footer_widgets":"","ocean_shortcode_before_footer_bottom":"","ocean_shortcode_after_footer_bottom":"","ocean_display_top_bar":"default","ocean_display_header":"default","ocean_header_style":"","ocean_center_header_left_menu":"0","ocean_custom_header_template":"0","ocean_custom_logo":0,"ocean_custom_retina_logo":0,"ocean_custom_logo_max_width":0,"ocean_custom_logo_tablet_max_width":0,"ocean_custom_logo_mobile_max_width":0,"ocean_custom_logo_max_height":0,"ocean_custom_logo_tablet_max_height":0,"ocean_custom_logo_mobile_max_height":0,"ocean_header_custom_menu":"0","ocean_menu_typo_font_family":"0","ocean_menu_typo_font_subset":"","ocean_menu_typo_font_size":0,"ocean_menu_typo_font_size_tablet":0,"ocean_menu_typo_font_size_mobile":0,"ocean_menu_typo_font_size_unit":"px","ocean_menu_typo_font_weight":"","ocean_menu_typo_font_weight_tablet":"","ocean_menu_typo_font_weight_mobile":"","ocean_menu_typo_transform":"","ocean_menu_typo_transform_tablet":"","ocean_menu_typo_transform_mobile":"","ocean_menu_typo_line_height":0,"ocean_menu_typo_line_height_tablet":0,"ocean_menu_typo_line_height_mobile":0,"ocean_menu_typo_line_height_unit":"","ocean_menu_typo_spacing":0,"ocean_menu_typo_spacing_tablet":0,"ocean_menu_typo_spacing_mobile":0,"ocean_menu_typo_spacing_unit":"","ocean_menu_link_color":"","ocean_menu_link_color_hover":"","ocean_menu_link_color_active":"","ocean_menu_link_background":"","ocean_menu_link_hover_background":"","ocean_menu_link_active_background":"","ocean_menu_social_links_bg":"","ocean_menu_social_hover_links_bg":"","ocean_menu_social_links_color":"","ocean_menu_social_hover_links_color":"","ocean_disable_title":"default","ocean_disable_heading":"default","ocean_post_title":"","ocean_post_subheading":"","ocean_post_title_style":"","ocean_post_title_background_color":"","ocean_post_title_background":0,"ocean_post_title_bg_image_position":"","ocean_post_title_bg_image_attachment":"","ocean_post_title_bg_image_repeat":"","ocean_post_title_bg_image_size":"","ocean_post_title_height":0,"ocean_post_title_bg_overlay":0.5,"ocean_post_title_bg_overlay_color":"","ocean_disable_breadcrumbs":"default","ocean_breadcrumbs_color":"","ocean_breadcrumbs_separator_color":"","ocean_breadcrumbs_links_color":"","ocean_breadcrumbs_links_hover_color":"","ocean_display_footer_widgets":"default","ocean_display_footer_bottom":"default","ocean_custom_footer_template":"0","footnotes":""},"class_list":["post-104","page","type-page","status-publish","hentry","entry"],"_links":{"self":[{"href":"https:\/\/phd.sciencespo-lille.eu\/index.php\/wp-json\/wp\/v2\/pages\/104","targetHints":{"allow":["GET"]}}],"collection":[{"href":"https:\/\/phd.sciencespo-lille.eu\/index.php\/wp-json\/wp\/v2\/pages"}],"about":[{"href":"https:\/\/phd.sciencespo-lille.eu\/index.php\/wp-json\/wp\/v2\/types\/page"}],"author":[{"embeddable":true,"href":"https:\/\/phd.sciencespo-lille.eu\/index.php\/wp-json\/wp\/v2\/users\/1"}],"replies":[{"embeddable":true,"href":"https:\/\/phd.sciencespo-lille.eu\/index.php\/wp-json\/wp\/v2\/comments?post=104"}],"version-history":[{"count":9,"href":"https:\/\/phd.sciencespo-lille.eu\/index.php\/wp-json\/wp\/v2\/pages\/104\/revisions"}],"predecessor-version":[{"id":346,"href":"https:\/\/phd.sciencespo-lille.eu\/index.php\/wp-json\/wp\/v2\/pages\/104\/revisions\/346"}],"wp:attachment":[{"href":"https:\/\/phd.sciencespo-lille.eu\/index.php\/wp-json\/wp\/v2\/media?parent=104"}],"curies":[{"name":"wp","href":"https:\/\/api.w.org\/{rel}","templated":true}]}}