{"id":17,"date":"2020-11-16T21:00:14","date_gmt":"2020-11-16T20:00:14","guid":{"rendered":"http:\/\/phd.sciencespo-lille.eu\/?page_id=17"},"modified":"2026-01-20T14:38:12","modified_gmt":"2026-01-20T13:38:12","slug":"presentation","status":"publish","type":"page","link":"https:\/\/phd.sciencespo-lille.eu\/","title":{"rendered":"Pr\u00e9sentation de la majeure Paix, Action Humanitaire et D\u00e9veloppement"},"content":{"rendered":"\n<p>Bienvenue sur le site de la <strong>majeure<\/strong>&nbsp;<strong>Paix, Action Humanitaire et D\u00e9veloppement (PHD)<\/strong>&nbsp;de Sciences Po Lille.<\/p>\n\n\n\n<h2 class=\"wp-block-heading\" id=\"objectif-de-la-formation\">Objectif de la formation<\/h2>\n\n\n\n<p>La majeure <strong>Paix, Action Humanitaire et D\u00e9veloppement<\/strong> (PHD) s\u2019inscrit dans le \u00ab Triple Nexus \u00bb, associant les analyses, les acteurs et les pratiques des domaines de l\u2019urgence, de la construction de la paix et du d\u00e9veloppement.<br>La formation s&rsquo;articule autour de cours fondamentaux, approfondissements th\u00e9matiques et techniques, sp\u00e9cialisations r\u00e9gionales et management de projet. Il s&rsquo;agit de pr\u00e9parer les \u00e9tudiantes et les \u00e9tudiants \u00e0 des carri\u00e8res professionnelles n\u00e9cessitant une vision \u00e0 la fois distanci\u00e9e et op\u00e9rationnelle des organisations de ce triple monde de l\u2019humanitaire, du d\u00e9veloppement et de r\u00e9solution des conflits.<\/p>\n\n\n\n<p>Le cursus porte \u00e9galement une attention particuli\u00e8re \u00e0 des th\u00e9matiques transversales et notamment aux questions li\u00e9es \u00e0 <strong>l\u2019environnement, aux migrations, au genre, au plaidoyer, etc. <\/strong>                                                            Tout en conservant cette transversalit\u00e9, en cinqui\u00e8me ann\u00e9e les \u00e9tudiantes et les \u00e9tudiants ont la possibilit\u00e9 de choisir entre deux parcours sp\u00e9cifiques, <strong>la construction de la paix d\u2019une part, l\u2019action humanitaire et de d\u00e9veloppement d\u2019autre part<\/strong>.<\/p>\n\n\n\n<hr class=\"wp-block-separator has-text-color has-css-opacity has-background is-style-wide\" style=\"background-color:#dfe2e3;color:#dfe2e3\"\/>\n\n\n\n<h2 class=\"wp-block-heading\" id=\"principaux-debouches\">Principaux d\u00e9bouch\u00e9s<\/h2>\n\n\n\n<p>La majeure <strong>Paix, Action Humanitaire et D\u00e9veloppement <\/strong>(PHD) forme les \u00e9tudiantes et les \u00e9tudiants afin de faciliter leur insertion professionnelle au sein d&rsquo;organisations telles que :<\/p>\n\n\n\n<ul class=\"wp-block-list\">\n<li>Les ONG nationales et internationales (humanitaire, d\u00e9veloppement, m\u00e9diation, gestion des conflits et du post-conflit, coop\u00e9ration technique, justice internationale, justice transitionnelle)<\/li>\n\n\n\n<li>Les minist\u00e8res fran\u00e7ais de l\u2019Europe et des Affaires \u00e9trang\u00e8res, des Arm\u00e9es, de l\u2019int\u00e9rieur<\/li>\n\n\n\n<li>Les collectivit\u00e9s territoriales fran\u00e7aises et \u00e9trang\u00e8res, (coop\u00e9ration d\u00e9centralis\u00e9e)<\/li>\n\n\n\n<li>La commission europ\u00e9enne (DEVCO, ECHO et SEAE) et les d\u00e9l\u00e9gations de la Commission europ\u00e9enne hors des pays membres<\/li>\n\n\n\n<li>Les Nations Unies (Affaires politiques, op\u00e9rations de paix)<\/li>\n\n\n\n<li>Les organisations internationales de d\u00e9veloppement et coop\u00e9ration (PNUD, UNESCO, etc.)<\/li>\n\n\n\n<li>Les organisations et institutions nationales et internationales de gestion des migrations<\/li>\n\n\n\n<li>Les organisations fran\u00e7aises et europ\u00e9ennes de coop\u00e9ration (AFD, GIZ)<\/li>\n\n\n\n<li>Les <em>think-tanks<\/em> et centres de recherche, d\u2019expertise et de conseil sur les questions internationales et la r\u00e9solution des conflits<\/li>\n\n\n\n<li>Les cabinets de conseil et d\u2019\u00e9tudes en d\u00e9veloppement<\/li>\n\n\n\n<li>Le journalisme<\/li>\n\n\n\n<li>Le secteur de la Responsabilit\u00e9 sociale des entreprises<\/li>\n\n\n\n<li>Les centres de recherche et d\u2019information (fran\u00e7ais et \u00e9trangers) sur les questions internationales<\/li>\n<\/ul>\n\n\n\n<hr class=\"wp-block-separator has-text-color has-css-opacity has-background is-style-wide\" style=\"background-color:#dfe2e3;color:#dfe2e3\"\/>\n\n\n\n<h2 class=\"wp-block-heading\" id=\"responsables-de-la-majeure-phd\">Responsable de la majeure PHD<\/h2>\n\n\n\n<div class=\"wp-block-media-text alignwide is-stacked-on-mobile\" style=\"grid-template-columns:15% auto\"><figure class=\"wp-block-media-text__media\"><img loading=\"lazy\" decoding=\"async\" width=\"200\" height=\"200\" src=\"https:\/\/phd.sciencespo-lille.eu\/wp-content\/uploads\/2026\/01\/marieke.jpeg\" alt=\"\" class=\"wp-image-470 size-full\" srcset=\"https:\/\/phd.sciencespo-lille.eu\/wp-content\/uploads\/2026\/01\/marieke.jpeg 200w, https:\/\/phd.sciencespo-lille.eu\/wp-content\/uploads\/2026\/01\/marieke-150x150.jpeg 150w\" sizes=\"auto, (max-width: 200px) 100vw, 200px\" \/><\/figure><div class=\"wp-block-media-text__content\">\n<p class=\"has-large-font-size\"><strong>Marieke Louis<\/strong><\/p>\n\n\n\n<p><strong>Ma\u00eetresse de conf\u00e9rences HDR en science politique<\/strong><\/p>\n<\/div><\/div>\n\n\n\n<div style=\"height:26px\" aria-hidden=\"true\" class=\"wp-block-spacer\"><\/div>\n\n\n\n<h2 class=\"wp-block-heading\" id=\"edito-des-responsables-de-la-majeure\">\u00c9dito du responsable de la majeure<\/h2>\n\n\n\n<p class=\"has-drop-cap\">Former des professionnelles et professionnels du monde de l\u2019humanitaire, de la gestion des conflits, du d\u00e9veloppement et de la construction de la paix, voil\u00e0 l\u2019objectif de la Majeure Paix, Action Humanitaire et D\u00e9veloppement.<\/p>\n\n\n\n<p>Cette ambition s\u2019inscrit dans une formation en sciences politiques qui entend mobiliser les sciences humaines et sociales afin de mieux r\u00e9pondre aux d\u00e9fis contemporains. De la <strong>prise en charge de probl\u00e8mes globaux<\/strong> (crises environnementales, crises humanitaires, in\u00e9galit\u00e9s, migrations, conflits) aux <strong>dynamiques de l\u2019action locale<\/strong> (s\u00e9curit\u00e9 alimentaire et d\u00e9veloppement agricole, pr\u00e9vention des conflits, m\u00e9diation, reconstruction post-conflit).<\/p>\n\n\n\n<p>Face aux crises, les r\u00e9ponses traditionnelles doivent d\u00e9sormais se combiner avec les ressources de la soci\u00e9t\u00e9 civile, des organisations internationales et des voies multiples d\u2019une diplomatie renouvel\u00e9e. Cette <strong>approche alternative accompagne les enseignements th\u00e9oriques et pratiques propos\u00e9s en PHD<\/strong>, tout en proposant une <strong>lecture critique des concepts, des acteurs et de leurs pratiques.<\/strong><\/p>\n\n\n\n<p>La diversit\u00e9 des d\u00e9bouch\u00e9s r\u00e9pond \u00e0 une pr\u00e9occupation commune : contribuer \u00e0 une meilleure prise en charge des d\u00e9fis de l\u2019urgence, de la paix et du d\u00e9veloppement du local \u00e0 l\u2019international.<\/p>\n\n\n\n<p class=\"has-text-align-right\"><strong>Marieke Louis<\/strong><\/p>\n\n\n\n<div style=\"height:20px\" aria-hidden=\"true\" class=\"wp-block-spacer\"><\/div>\n","protected":false},"excerpt":{"rendered":"<p>Bienvenue sur le site de la majeure&nbsp;Paix, Action Humanitaire et D\u00e9veloppement (PHD)&nbsp;de Sciences Po Lille. Objectif de la formation La majeure Paix, Action Humanitaire et D\u00e9veloppement (PHD) s\u2019inscrit dans le \u00ab Triple Nexus \u00bb, associant les analyses, les acteurs et les pratiques des domaines de l\u2019urgence, de la construction de la paix et du d\u00e9veloppement.La [&hellip;]<\/p>\n","protected":false},"author":1,"featured_media":0,"parent":0,"menu_order":0,"comment_status":"closed","ping_status":"closed","template":"","meta":{"_seopress_robots_primary_cat":"","_seopress_titles_title":"","_seopress_titles_desc":"","_seopress_robots_index":"","ocean_post_layout":"","ocean_both_sidebars_style":"","ocean_both_sidebars_content_width":0,"ocean_both_sidebars_sidebars_width":0,"ocean_sidebar":"0","ocean_second_sidebar":"0","ocean_disable_margins":"enable","ocean_add_body_class":"","ocean_shortcode_before_top_bar":"","ocean_shortcode_after_top_bar":"","ocean_shortcode_before_header":"","ocean_shortcode_after_header":"","ocean_has_shortcode":"","ocean_shortcode_after_title":"","ocean_shortcode_before_footer_widgets":"","ocean_shortcode_after_footer_widgets":"","ocean_shortcode_before_footer_bottom":"","ocean_shortcode_after_footer_bottom":"","ocean_display_top_bar":"default","ocean_display_header":"default","ocean_header_style":"","ocean_center_header_left_menu":"0","ocean_custom_header_template":"0","ocean_custom_logo":0,"ocean_custom_retina_logo":0,"ocean_custom_logo_max_width":0,"ocean_custom_logo_tablet_max_width":0,"ocean_custom_logo_mobile_max_width":0,"ocean_custom_logo_max_height":0,"ocean_custom_logo_tablet_max_height":0,"ocean_custom_logo_mobile_max_height":0,"ocean_header_custom_menu":"0","ocean_menu_typo_font_family":"0","ocean_menu_typo_font_subset":"","ocean_menu_typo_font_size":0,"ocean_menu_typo_font_size_tablet":0,"ocean_menu_typo_font_size_mobile":0,"ocean_menu_typo_font_size_unit":"px","ocean_menu_typo_font_weight":"","ocean_menu_typo_font_weight_tablet":"","ocean_menu_typo_font_weight_mobile":"","ocean_menu_typo_transform":"","ocean_menu_typo_transform_tablet":"","ocean_menu_typo_transform_mobile":"","ocean_menu_typo_line_height":0,"ocean_menu_typo_line_height_tablet":0,"ocean_menu_typo_line_height_mobile":0,"ocean_menu_typo_line_height_unit":"","ocean_menu_typo_spacing":0,"ocean_menu_typo_spacing_tablet":0,"ocean_menu_typo_spacing_mobile":0,"ocean_menu_typo_spacing_unit":"","ocean_menu_link_color":"","ocean_menu_link_color_hover":"","ocean_menu_link_color_active":"","ocean_menu_link_background":"","ocean_menu_link_hover_background":"","ocean_menu_link_active_background":"","ocean_menu_social_links_bg":"","ocean_menu_social_hover_links_bg":"","ocean_menu_social_links_color":"","ocean_menu_social_hover_links_color":"","ocean_disable_title":"default","ocean_disable_heading":"default","ocean_post_title":"","ocean_post_subheading":"","ocean_post_title_style":"","ocean_post_title_background_color":"","ocean_post_title_background":0,"ocean_post_title_bg_image_position":"","ocean_post_title_bg_image_attachment":"","ocean_post_title_bg_image_repeat":"","ocean_post_title_bg_image_size":"","ocean_post_title_height":0,"ocean_post_title_bg_overlay":0.5,"ocean_post_title_bg_overlay_color":"","ocean_disable_breadcrumbs":"default","ocean_breadcrumbs_color":"","ocean_breadcrumbs_separator_color":"","ocean_breadcrumbs_links_color":"","ocean_breadcrumbs_links_hover_color":"","ocean_display_footer_widgets":"default","ocean_display_footer_bottom":"default","ocean_custom_footer_template":"0","footnotes":""},"class_list":["post-17","page","type-page","status-publish","hentry","entry"],"_links":{"self":[{"href":"https:\/\/phd.sciencespo-lille.eu\/index.php\/wp-json\/wp\/v2\/pages\/17","targetHints":{"allow":["GET"]}}],"collection":[{"href":"https:\/\/phd.sciencespo-lille.eu\/index.php\/wp-json\/wp\/v2\/pages"}],"about":[{"href":"https:\/\/phd.sciencespo-lille.eu\/index.php\/wp-json\/wp\/v2\/types\/page"}],"author":[{"embeddable":true,"href":"https:\/\/phd.sciencespo-lille.eu\/index.php\/wp-json\/wp\/v2\/users\/1"}],"replies":[{"embeddable":true,"href":"https:\/\/phd.sciencespo-lille.eu\/index.php\/wp-json\/wp\/v2\/comments?post=17"}],"version-history":[{"count":26,"href":"https:\/\/phd.sciencespo-lille.eu\/index.php\/wp-json\/wp\/v2\/pages\/17\/revisions"}],"predecessor-version":[{"id":471,"href":"https:\/\/phd.sciencespo-lille.eu\/index.php\/wp-json\/wp\/v2\/pages\/17\/revisions\/471"}],"wp:attachment":[{"href":"https:\/\/phd.sciencespo-lille.eu\/index.php\/wp-json\/wp\/v2\/media?parent=17"}],"curies":[{"name":"wp","href":"https:\/\/api.w.org\/{rel}","templated":true}]}}