{"id":33,"date":"2020-11-16T21:08:54","date_gmt":"2020-11-16T20:08:54","guid":{"rendered":"http:\/\/phd.sciencespo-lille.eu\/?page_id=33"},"modified":"2022-02-25T21:11:21","modified_gmt":"2022-02-25T20:11:21","slug":"le-memoire-rapport-dexpertise-et-bachelorarbeit","status":"publish","type":"page","link":"https:\/\/phd.sciencespo-lille.eu\/index.php\/le-memoire-rapport-dexpertise-et-bachelorarbeit\/","title":{"rendered":"Le m\u00e9moire, rapport d&rsquo;expertise et Bachelorarbeit (M1)"},"content":{"rendered":"\n<p>La 4<sup>\u00e8me<\/sup>\u00a0ann\u00e9e de la majeure PHD est notamment marqu\u00e9e par la r\u00e9daction d\u2019un m\u00e9moire de recherche, un rapport d\u2019expertise ou une <em>Bachelorarbeit <\/em>(pour les \u00e9tudiantes et les \u00e9tudiants en FIFA).<\/p>\n\n\n\n<p>Voici une liste non exhaustive de m\u00e9moires de recherche et de rapports d\u2019expertise dont les th\u00e9matiques donnent \u00e0 voir la diversit\u00e9 des sujets pouvant \u00eatre abord\u00e9s au sein de la majeure PHD.<\/p>\n\n\n\n<h3 class=\"wp-block-heading\">M\u00e9moires de recherche<\/h3>\n\n\n\n<ul class=\"wp-block-list\"><li>BAUCHER R\u00e9my, <em>Construction et mise en \u0153uvre de la politique europ\u00e9enne de pr\u00e9vention et m\u00e9diation des conflits. L\u2019exp\u00e9rience du cas colombien<\/em>, (2019)<\/li><li>BARTHOD Manon, <em>Coming to terms with a violent past: connecting transitional justice and education to address legacies of human rights violations<\/em>, (2015)<\/li><li>BELL Billie, <em>Europe\u2019s edge or Europe\u2019s heart? A study of what it means to be \u2018European\u2019 in Ukraine<\/em>, (2019)<\/li><li>COHEN Th\u00e9odore, <em>La paix aux fronti\u00e8res<\/em>, (2016)<\/li><li>LANGE Martin, <em>La couverture m\u00e9diatique de l\u2019Euro-Ma\u00efdan et de la guerre dans l\u2019Est de l\u2019Ukraine<\/em>, (2016)<\/li><li>LE TRON-GUIBARD Delphine, <em>R\u00e9conciliation \u00ab\u00a0par le bas\u00a0\u00bb dans le township de Mpophomeni<\/em>, (2014)<\/li><li>LOYER Camille, <em>Initiatives musicales humanitaires. Exploration du lien entre musique et aide humanitaire \u00e0 destination des exil\u00e9s en Europe<\/em>, (2020)<\/li><li>PESSELIER Emilie, <em>Aux marges de l\u2019Europe : Migrations \u00e0 la fronti\u00e8re sud de l\u2019Union europ\u00e9enne. Les politiques migratoires \u00e0 travers l\u2019exp\u00e9rience de Ceuta et Melilla<\/em>, (2015)<\/li><\/ul>\n\n\n\n<h3 class=\"wp-block-heading\">Rapports d&rsquo;expertise<\/h3>\n\n\n\n<ul class=\"wp-block-list\"><li>BUISSON D\u00e9borah, T<em>radition ou strat\u00e9gie d\u2019adaptation n\u00e9gative ? Recommandations \u00e0 l\u2019attention des acteurs humanitaires pour l\u2019\u00e9laboration d\u2019un cadre de pr\u00e9vention et de r\u00e9ponse \u00e0 la pratique du mariage pr\u00e9coce parmi les populations syriennes r\u00e9fugi\u00e9es en Jordanie<\/em>, (2015)<\/li><li>CHAMBRAUD Chlo\u00e9, <em>Les mutilations sexuelles f\u00e9minines : une r\u00e9alit\u00e9 oubli\u00e9e des pouvoirs publics ?<\/em>, (2012)<\/li><li>LE JEUNE Sophie, <em>Adapter les strat\u00e9gies de d\u00e9veloppement agricole au changement climatique au Myanmar<\/em>, (2017)<\/li><li>PASQUIET Elisabeth, <em>La protection des travailleurs d\u00e9tach\u00e9s pr\u00e9caires<\/em>, (2017)<\/li><li>RELTIEN Camille, <em>A quest for truth and recognition: Restorative justice for American Indian populations in the United States of America<\/em>, (2013)<\/li><\/ul>\n\n\n\n<h3 class=\"wp-block-heading\"><em>Barchelorarbeiten<\/em><\/h3>\n\n\n\n<ul class=\"wp-block-list\"><li>MEYER Lea, <em>La religion au c\u0153ur des conflits arm\u00e9s. Le r\u00f4le ambivalent de la religion dans le conflit de la LRA au nord de l\u2019Ouganda<\/em>, (2015)<\/li><\/ul>\n\n\n\n<div style=\"height:30px\" aria-hidden=\"true\" class=\"wp-block-spacer\"><\/div>\n\n\n\n<p>Vous pouvez \u00e9galement <a rel=\"noreferrer noopener\" href=\"http:\/\/www.sciencespo-lille.eu\/bibliotheque\/documents-bibiliotheque\" target=\"_blank\"><strong>consulter les archives<\/strong><\/a> des m\u00e9moires de recherche, rapports d&rsquo;expertise et <em>Bachelorarbeiten <\/em>des ann\u00e9es pr\u00e9c\u00e9dentes.<\/p>\n","protected":false},"excerpt":{"rendered":"<p>La 4\u00e8me\u00a0ann\u00e9e de la majeure PHD est notamment marqu\u00e9e par la r\u00e9daction d\u2019un m\u00e9moire de recherche, un rapport d\u2019expertise ou une Bachelorarbeit (pour les \u00e9tudiantes et les \u00e9tudiants en FIFA). Voici une liste non exhaustive de m\u00e9moires de recherche et de rapports d\u2019expertise dont les th\u00e9matiques donnent \u00e0 voir la diversit\u00e9 des sujets pouvant \u00eatre [&hellip;]<\/p>\n","protected":false},"author":1,"featured_media":0,"parent":0,"menu_order":0,"comment_status":"closed","ping_status":"closed","template":"","meta":{"_seopress_robots_primary_cat":"","_seopress_titles_title":"","_seopress_titles_desc":"","_seopress_robots_index":"","ocean_post_layout":"","ocean_both_sidebars_style":"","ocean_both_sidebars_content_width":0,"ocean_both_sidebars_sidebars_width":0,"ocean_sidebar":"0","ocean_second_sidebar":"0","ocean_disable_margins":"enable","ocean_add_body_class":"","ocean_shortcode_before_top_bar":"","ocean_shortcode_after_top_bar":"","ocean_shortcode_before_header":"","ocean_shortcode_after_header":"","ocean_has_shortcode":"","ocean_shortcode_after_title":"","ocean_shortcode_before_footer_widgets":"","ocean_shortcode_after_footer_widgets":"","ocean_shortcode_before_footer_bottom":"","ocean_shortcode_after_footer_bottom":"","ocean_display_top_bar":"default","ocean_display_header":"default","ocean_header_style":"","ocean_center_header_left_menu":"0","ocean_custom_header_template":"0","ocean_custom_logo":0,"ocean_custom_retina_logo":0,"ocean_custom_logo_max_width":0,"ocean_custom_logo_tablet_max_width":0,"ocean_custom_logo_mobile_max_width":0,"ocean_custom_logo_max_height":0,"ocean_custom_logo_tablet_max_height":0,"ocean_custom_logo_mobile_max_height":0,"ocean_header_custom_menu":"0","ocean_menu_typo_font_family":"0","ocean_menu_typo_font_subset":"","ocean_menu_typo_font_size":0,"ocean_menu_typo_font_size_tablet":0,"ocean_menu_typo_font_size_mobile":0,"ocean_menu_typo_font_size_unit":"px","ocean_menu_typo_font_weight":"","ocean_menu_typo_font_weight_tablet":"","ocean_menu_typo_font_weight_mobile":"","ocean_menu_typo_transform":"","ocean_menu_typo_transform_tablet":"","ocean_menu_typo_transform_mobile":"","ocean_menu_typo_line_height":0,"ocean_menu_typo_line_height_tablet":0,"ocean_menu_typo_line_height_mobile":0,"ocean_menu_typo_line_height_unit":"","ocean_menu_typo_spacing":0,"ocean_menu_typo_spacing_tablet":0,"ocean_menu_typo_spacing_mobile":0,"ocean_menu_typo_spacing_unit":"","ocean_menu_link_color":"","ocean_menu_link_color_hover":"","ocean_menu_link_color_active":"","ocean_menu_link_background":"","ocean_menu_link_hover_background":"","ocean_menu_link_active_background":"","ocean_menu_social_links_bg":"","ocean_menu_social_hover_links_bg":"","ocean_menu_social_links_color":"","ocean_menu_social_hover_links_color":"","ocean_disable_title":"default","ocean_disable_heading":"default","ocean_post_title":"","ocean_post_subheading":"","ocean_post_title_style":"","ocean_post_title_background_color":"","ocean_post_title_background":0,"ocean_post_title_bg_image_position":"","ocean_post_title_bg_image_attachment":"","ocean_post_title_bg_image_repeat":"","ocean_post_title_bg_image_size":"","ocean_post_title_height":0,"ocean_post_title_bg_overlay":0.5,"ocean_post_title_bg_overlay_color":"","ocean_disable_breadcrumbs":"default","ocean_breadcrumbs_color":"","ocean_breadcrumbs_separator_color":"","ocean_breadcrumbs_links_color":"","ocean_breadcrumbs_links_hover_color":"","ocean_display_footer_widgets":"default","ocean_display_footer_bottom":"default","ocean_custom_footer_template":"0","footnotes":""},"class_list":["post-33","page","type-page","status-publish","hentry","entry"],"_links":{"self":[{"href":"https:\/\/phd.sciencespo-lille.eu\/index.php\/wp-json\/wp\/v2\/pages\/33","targetHints":{"allow":["GET"]}}],"collection":[{"href":"https:\/\/phd.sciencespo-lille.eu\/index.php\/wp-json\/wp\/v2\/pages"}],"about":[{"href":"https:\/\/phd.sciencespo-lille.eu\/index.php\/wp-json\/wp\/v2\/types\/page"}],"author":[{"embeddable":true,"href":"https:\/\/phd.sciencespo-lille.eu\/index.php\/wp-json\/wp\/v2\/users\/1"}],"replies":[{"embeddable":true,"href":"https:\/\/phd.sciencespo-lille.eu\/index.php\/wp-json\/wp\/v2\/comments?post=33"}],"version-history":[{"count":7,"href":"https:\/\/phd.sciencespo-lille.eu\/index.php\/wp-json\/wp\/v2\/pages\/33\/revisions"}],"predecessor-version":[{"id":343,"href":"https:\/\/phd.sciencespo-lille.eu\/index.php\/wp-json\/wp\/v2\/pages\/33\/revisions\/343"}],"wp:attachment":[{"href":"https:\/\/phd.sciencespo-lille.eu\/index.php\/wp-json\/wp\/v2\/media?parent=33"}],"curies":[{"name":"wp","href":"https:\/\/api.w.org\/{rel}","templated":true}]}}